{"id":829,"date":"2018-08-30T13:43:44","date_gmt":"2018-08-30T16:43:44","guid":{"rendered":"https:\/\/uep54-cha.infd.edu.ar\/sitio\/autoridades\/"},"modified":"2024-03-16T11:08:22","modified_gmt":"2024-03-16T14:08:22","slug":"autoridades","status":"publish","type":"page","link":"https:\/\/uep54-cha.infd.edu.ar\/sitio\/autoridades\/","title":{"rendered":"Autoridades"},"content":{"rendered":"<p><span style=\"color: #000000; font-family: verdana, geneva; font-size: medium;\"><strong>Representante Legal:<\/strong><\/span><\/p>\n<p><span style=\"color: #000000; font-family: verdana, geneva; font-size: medium;\"><strong>Hna. Beatriz Lasalle<\/strong><\/span><\/p>\n<p><span style=\"font-family: verdana, geneva;\">\u00a0<\/span><\/p>\n<p><span style=\"color: #000000; font-family: verdana, geneva; font-size: medium;\"><strong>Directora de Nivel Inicial:<\/strong><\/span><\/p>\n<p><span style=\"color: #000000; font-family: verdana, geneva; font-size: medium;\">Prof. M\u00f3nica Glamuzina<\/span><\/p>\n<p><span style=\"color: #000000; font-family: verdana, geneva; font-size: medium;\" data-mce-mark=\"1\"><strong>Directora de Nivel Primario:<\/strong><\/span><\/p>\n<p><span style=\"color: #000000; font-family: verdana, geneva; font-size: medium;\" data-mce-mark=\"1\">Sra. Isabel Mir\u00f3n<\/span><\/p>\n<p><span style=\"color: #000000; font-family: verdana, geneva; font-size: medium;\" data-mce-mark=\"1\"><strong>Director del Nivel Secundario:<\/strong><\/span><\/p>\n<p><span style=\"color: #000000; font-family: verdana, geneva; font-size: medium;\" data-mce-mark=\"1\"><span style=\"font-family: verdana, geneva;\">Prof. Pedro Daniel Leguiza<\/span><\/span><\/p>\n<p><strong><span style=\"color: #000000; font-family: verdana, geneva; font-size: medium;\" data-mce-mark=\"1\"><span style=\"color: #000000; font-family: verdana, geneva; font-size: medium;\" data-mce-mark=\"1\">Directora del Nivel Terciario:<\/span><\/span><\/strong><\/p>\n<p><span style=\"color: #000000; font-family: verdana, geneva; font-size: medium;\">Prof. Mar\u00eda Mercedes Acosta<\/span><\/p>\n<p><span style=\"color: #000000; font-family: 'book antiqua', palatino; font-size: medium;\"><strong>\u00a0<\/strong><\/span><\/p>\n","protected":false},"excerpt":{"rendered":"<p>Representante Legal: Hna. Beatriz Lasalle \u00a0 Directora de Nivel Inicial: Prof. M\u00f3nica Glamuzina Directora de Nivel Primario: Sra. Isabel Mir\u00f3n Director del Nivel Secundario: Prof. Pedro Daniel Leguiza Directora del Nivel Terciario: Prof. Mar\u00eda Mercedes Acosta \u00a0<\/p>\n","protected":false},"author":12,"featured_media":0,"parent":0,"menu_order":0,"comment_status":"closed","ping_status":"closed","template":"","meta":[],"acf":[],"_links":{"self":[{"href":"https:\/\/uep54-cha.infd.edu.ar\/sitio\/wp-json\/wp\/v2\/pages\/829"}],"collection":[{"href":"https:\/\/uep54-cha.infd.edu.ar\/sitio\/wp-json\/wp\/v2\/pages"}],"about":[{"href":"https:\/\/uep54-cha.infd.edu.ar\/sitio\/wp-json\/wp\/v2\/types\/page"}],"author":[{"embeddable":true,"href":"https:\/\/uep54-cha.infd.edu.ar\/sitio\/wp-json\/wp\/v2\/users\/12"}],"replies":[{"embeddable":true,"href":"https:\/\/uep54-cha.infd.edu.ar\/sitio\/wp-json\/wp\/v2\/comments?post=829"}],"version-history":[{"count":2,"href":"https:\/\/uep54-cha.infd.edu.ar\/sitio\/wp-json\/wp\/v2\/pages\/829\/revisions"}],"predecessor-version":[{"id":1290,"href":"https:\/\/uep54-cha.infd.edu.ar\/sitio\/wp-json\/wp\/v2\/pages\/829\/revisions\/1290"}],"wp:attachment":[{"href":"https:\/\/uep54-cha.infd.edu.ar\/sitio\/wp-json\/wp\/v2\/media?parent=829"}],"curies":[{"name":"wp","href":"https:\/\/api.w.org\/{rel}","templated":true}]}}