{"id":809,"date":"2018-08-30T13:43:38","date_gmt":"2018-08-30T16:43:38","guid":{"rendered":"https:\/\/uep54-cha.infd.edu.ar\/sitio\/informacion-para-alumnos\/"},"modified":"2023-02-23T16:55:36","modified_gmt":"2023-02-23T19:55:36","slug":"informacion-para-alumnos","status":"publish","type":"page","link":"https:\/\/uep54-cha.infd.edu.ar\/sitio\/informacion-para-alumnos\/","title":{"rendered":"Tecnicatura Superior en Gesti\u00f3n de Recursos Humanos"},"content":{"rendered":"<h5 style=\"text-align: center;\"><span style=\"font-family: arial,helvetica,sans-serif;\"><span style=\"font-size: small;\"><strong>RES. DE APROBACI\u00d3N 2162\/2021 M.E.C.C.Y.T.<\/strong><br \/>\n<strong>T\u00cdTULO QUE OTORGA: T\u00c9CNICO\/A SUPERIOR EN GESTI\u00d3N DE RECURSOS HUMANOS<\/strong><br \/>\nDURACI\u00d3N: 3 A\u00d1OS<br \/>\nPLAN DE ESTUDIOS:<\/span><\/span><\/h5>\n<h3><span style=\"font-family: arial,helvetica,sans-serif;\"><span style=\"font-size: small;\"><br \/>\n<em><strong>Primer a\u00f1o:<\/strong><\/em><br \/>\n<\/span><\/span><\/h3>\n<ol>\n<li>Comunicaci\u00f3n<\/li>\n<li>Psicolog\u00eda General<\/li>\n<li>Administraci\u00f3n<\/li>\n<li>Interacci\u00f3n Social y Din\u00e1micas de grupo<\/li>\n<li>Mediaci\u00f3n y resoluci\u00f3n de conflictos<\/li>\n<li>Pr\u00e1ctica Profesionalizante I<\/li>\n<li>Unidad de Definici\u00f3n Institucional<\/li>\n<li>Reclutamiento y selecci\u00f3n de personal<\/li>\n<li>Conducci\u00f3n de equipos de trabajo<\/li>\n<li>Seguridad e higiene laboral<\/li>\n<\/ol>\n<p><em><strong>Segundo a\u00f1o:<\/strong><\/em><\/p>\n<ol>\n<li>Administraci\u00f3n de las organizaciones<\/li>\n<li>Teor\u00eda de los grupos<\/li>\n<li>Taller de investigaci\u00f3n I: Metodolog\u00eda de la investigaci\u00f3n<\/li>\n<li>Ingl\u00e9s<\/li>\n<li>Introducci\u00f3n a los recursos humanos<\/li>\n<li>Comunicaci\u00f3n organizacional<\/li>\n<li>Pr\u00e1ctica Profesionalizante II<\/li>\n<li>Planificaci\u00f3n y direcci\u00f3n estrat\u00e9gica de recursos humanos<\/li>\n<li>Psicolog\u00eda Social y de las organizaciones e intervenci\u00f3n institucional<\/li>\n<li>Relaciones p\u00fablicas<\/li>\n<li>Introducci\u00f3n al Derecho<\/li>\n<li>Problem\u00e1tica del contexto social, cultural y laboral.<\/li>\n<\/ol>\n<p><em><strong>Tercer a\u00f1o<\/strong><\/em>:<\/p>\n<ol>\n<li>Inform\u00e1tica y tecnolog\u00eda<\/li>\n<li>Taller de investigaci\u00f3n II: Metodolog\u00eda de la investigaci\u00f3n social<\/li>\n<li>\u00c9tica y deontolog\u00eda profesional<\/li>\n<li>Ingl\u00e9s t\u00e9cnico<\/li>\n<li>Capacitaci\u00f3n y desarrollo de RRHH<\/li>\n<li>Pr\u00e1ctica profesionalizante III<\/li>\n<li>Psicolog\u00eda laboral<\/li>\n<li>Sociolog\u00eda del trabajo<\/li>\n<li>Derecho y legislaci\u00f3n laboral<\/li>\n<li>Estad\u00edstica<\/li>\n<\/ol>\n<p><strong>Funciones del T\u00e9cnico Superior en Gesti\u00f3n de Recursos Humanos<\/strong><\/p>\n<ul>\n<li>Asesorar acerca de los requerimientos de personal necesarios para la organizaci\u00f3n.<\/li>\n<li>Planificar y coordinar el sistema de roles y funciones.<\/li>\n<li>Coordinar, supervisar y evaluar programas de selecci\u00f3n, capacitaci\u00f3n y evaluaci\u00f3n de desempe\u00f1o de personal.<\/li>\n<li>Gestionar los procesos de comunicaci\u00f3n formal e informal de una organizaci\u00f3n.<\/li>\n<li>Asesorar y participar en la prevenci\u00f3n y soluci\u00f3n de conflictos dentro de las organizaciones.<\/li>\n<li>Promover y armonizar las expectativas individuales y colectivas de una organizaci\u00f3n.<\/li>\n<li>Colaborar en la elaboraci\u00f3n, coordinaci\u00f3n y evaluaci\u00f3n de proyectos de mejora destinados al personal.<\/li>\n<li>Organizar, implementar y mantener actualizados los registros\u00a0 y legajos de personal y la informaci\u00f3n necesaria para liquidaci\u00f3n de haberes.<\/li>\n<li>Verificar el cumplimiento de las normas vigentes referidas a derecho del trabajo, seguridad social, condiciones y medio ambiente de trabajo.<\/li>\n<li>Asesorar en la aplicaci\u00f3n de las normas y reglamentos internos.<\/li>\n<\/ul>\n<p><strong>\u00c1rea ocupacional:<\/strong><\/p>\n<p>Campo de las organizaciones: Instituciones educativas, recreativas, deportivas, de salud, industriales, comerciales, empresariales, organizaciones gubernamentales y no gubernamentales y otras en las que el \u00e1rea de Recursos Humanos se requiera.<\/p>\n","protected":false},"excerpt":{"rendered":"<p>RES. DE APROBACI\u00d3N 2162\/2021 M.E.C.C.Y.T. T\u00cdTULO QUE OTORGA: T\u00c9CNICO\/A SUPERIOR EN GESTI\u00d3N DE RECURSOS HUMANOS DURACI\u00d3N: 3 A\u00d1OS PLAN DE ESTUDIOS: Primer a\u00f1o: Comunicaci\u00f3n Psicolog\u00eda General Administraci\u00f3n Interacci\u00f3n Social y Din\u00e1micas de grupo Mediaci\u00f3n y resoluci\u00f3n de conflictos Pr\u00e1ctica Profesionalizante I Unidad de Definici\u00f3n Institucional Reclutamiento y selecci\u00f3n de personal Conducci\u00f3n de equipos de trabajo &#8230; <a title=\"Tecnicatura Superior en Gesti\u00f3n de Recursos Humanos\" class=\"read-more\" href=\"https:\/\/uep54-cha.infd.edu.ar\/sitio\/informacion-para-alumnos\/\" aria-label=\"More on Tecnicatura Superior en Gesti\u00f3n de Recursos Humanos\">[+]<\/a><\/p>\n","protected":false},"author":12,"featured_media":0,"parent":0,"menu_order":0,"comment_status":"closed","ping_status":"closed","template":"","meta":[],"acf":[],"_links":{"self":[{"href":"https:\/\/uep54-cha.infd.edu.ar\/sitio\/wp-json\/wp\/v2\/pages\/809"}],"collection":[{"href":"https:\/\/uep54-cha.infd.edu.ar\/sitio\/wp-json\/wp\/v2\/pages"}],"about":[{"href":"https:\/\/uep54-cha.infd.edu.ar\/sitio\/wp-json\/wp\/v2\/types\/page"}],"author":[{"embeddable":true,"href":"https:\/\/uep54-cha.infd.edu.ar\/sitio\/wp-json\/wp\/v2\/users\/12"}],"replies":[{"embeddable":true,"href":"https:\/\/uep54-cha.infd.edu.ar\/sitio\/wp-json\/wp\/v2\/comments?post=809"}],"version-history":[{"count":4,"href":"https:\/\/uep54-cha.infd.edu.ar\/sitio\/wp-json\/wp\/v2\/pages\/809\/revisions"}],"predecessor-version":[{"id":1231,"href":"https:\/\/uep54-cha.infd.edu.ar\/sitio\/wp-json\/wp\/v2\/pages\/809\/revisions\/1231"}],"wp:attachment":[{"href":"https:\/\/uep54-cha.infd.edu.ar\/sitio\/wp-json\/wp\/v2\/media?parent=809"}],"curies":[{"name":"wp","href":"https:\/\/api.w.org\/{rel}","templated":true}]}}