{"id":805,"date":"2018-08-30T13:43:37","date_gmt":"2018-08-30T16:43:37","guid":{"rendered":"https:\/\/uep54-cha.infd.edu.ar\/sitio\/otros-proyectos-institucionales\/"},"modified":"2022-12-02T16:13:04","modified_gmt":"2022-12-02T19:13:04","slug":"otros-proyectos-institucionales","status":"publish","type":"page","link":"https:\/\/uep54-cha.infd.edu.ar\/sitio\/otros-proyectos-institucionales\/","title":{"rendered":"Tecnicatura Superior en Administraci\u00f3n P\u00fablica"},"content":{"rendered":"<p><strong>COMPETENCIAS DEL EGRESADO<\/strong><\/p>\n<ul>\n<li><strong>Dise\u00f1ar y programar procedimientos, rutinas y circuitos para sistematizar las operaciones comerciales, financieras y administrativas.<\/strong><\/li>\n<li><strong>Dise\u00f1ar el sistema de comunicaciones interna y externa de las organizaciones.<\/strong><\/li>\n<li><strong>Seleccionar, organizar, formar y capacitar los recursos humanos, participando en la definici\u00f3n de los puestos de trabajo y de estrategia de carrera administrativa y desarrollo personal.<\/strong><\/li>\n<li><strong>Registrar y evaluar el flujo de informaci\u00f3n interna de las organizaciones.<\/strong><\/li>\n<li><strong>Planificar y dise\u00f1ar la estructura de costos y de recursos necesarios de la organizaci\u00f3n en funci\u00f3n de objetivos a lograr en un horizonte de planeamiento.<\/strong><\/li>\n<li><strong>Administrar y organizar su \u00e1rea de trabajo, utilizando soportes que permitan desarrollar la evaluaci\u00f3n y el seguimiento de las acciones definidas institucionalmente.<\/strong><\/li>\n<li><strong>Gestionar y dise\u00f1ar programas y proyectos para atender las necesidades de la comunidad.<\/strong><\/li>\n<li><strong>Participar en el dise\u00f1o de planes, programas y proyectos sectoriales, intersectoriales e interinstitucionales para la promoci\u00f3n del desarrollo sociocultural.<\/strong><\/li>\n<li><strong>Realizar e interpretar diagn\u00f3sticos de la comunidad.<\/strong><\/li>\n<li><strong>Evaluar en forma permanente los planes, programas y proyectos.<\/strong><\/li>\n<li><strong>Promover instancias de formaci\u00f3n y capacitaci\u00f3n destinadas a la promoci\u00f3n de actores sociales.<\/strong><\/li>\n<li><strong>Interpretar las pol\u00edticas nacionales, jurisdiccionales y locales.<\/strong><\/li>\n<\/ul>\n<h1 style=\"text-align: center;\">Plan de Estudios<\/h1>\n<p>\u00a0<\/p>\n<p><strong>Primer A\u00f1o<\/strong><\/p>\n<ol>\n<li>Contabilidad<\/li>\n<li>Administraci\u00f3n<\/li>\n<li>Econom\u00eda<\/li>\n<li>Derecho Constitucional<\/li>\n<li>Matem\u00e1tica<\/li>\n<li>Inform\u00e1tica<\/li>\n<li>Metodolog\u00eda de la Investigaci\u00f3n<\/li>\n<li>Pr\u00e1ctica Profesionalizante I<\/li>\n<\/ol>\n<p><strong>Segundo A\u00f1o<\/strong><\/p>\n<ol start=\"9\">\n<li>Estad\u00edstica<\/li>\n<li>Matem\u00e1tica Financiera<\/li>\n<li>Administraci\u00f3n de Recursos Humanos<\/li>\n<li>Derecho Administrativo<\/li>\n<li>Administraci\u00f3n P\u00fablica<\/li>\n<li>Problem\u00e1ticas socioculturales y el rol del Estado<\/li>\n<li>Pr\u00e1ctica Profesionalizante II<\/li>\n<\/ol>\n<p><strong>Tercer A\u00f1o<\/strong><\/p>\n<ol start=\"16\">\n<li>Gesti\u00f3n Financiera y Presupuestaria<\/li>\n<li>Contabilidad P\u00fablica y Sistemas de contrataci\u00f3n<\/li>\n<li>Gesti\u00f3n P\u00fablica Municipal<\/li>\n<li>Pol\u00edticas P\u00fablicas y Ciudadan\u00eda<\/li>\n<li>Formulaci\u00f3n y Evaluaci\u00f3n de Proyecto<\/li>\n<li>\u00c9tica en la Gesti\u00f3n<\/li>\n<li>Pr\u00e1ctica Profesionalizante III<\/li>\n<\/ol>\n<p style=\"text-align: center;\">\u00a0<\/p>\n\n\n<p><\/p>\n","protected":false},"excerpt":{"rendered":"<p>COMPETENCIAS DEL EGRESADO Dise\u00f1ar y programar procedimientos, rutinas y circuitos para sistematizar las operaciones comerciales, financieras y administrativas. Dise\u00f1ar el sistema de comunicaciones interna y externa de las organizaciones. Seleccionar, organizar, formar y capacitar los recursos humanos, participando en la definici\u00f3n de los puestos de trabajo y de estrategia de carrera administrativa y desarrollo personal. &#8230; <a title=\"Tecnicatura Superior en Administraci\u00f3n P\u00fablica\" class=\"read-more\" href=\"https:\/\/uep54-cha.infd.edu.ar\/sitio\/otros-proyectos-institucionales\/\" aria-label=\"More on Tecnicatura Superior en Administraci\u00f3n P\u00fablica\">[+]<\/a><\/p>\n","protected":false},"author":12,"featured_media":0,"parent":0,"menu_order":0,"comment_status":"closed","ping_status":"closed","template":"","meta":[],"acf":[],"_links":{"self":[{"href":"https:\/\/uep54-cha.infd.edu.ar\/sitio\/wp-json\/wp\/v2\/pages\/805"}],"collection":[{"href":"https:\/\/uep54-cha.infd.edu.ar\/sitio\/wp-json\/wp\/v2\/pages"}],"about":[{"href":"https:\/\/uep54-cha.infd.edu.ar\/sitio\/wp-json\/wp\/v2\/types\/page"}],"author":[{"embeddable":true,"href":"https:\/\/uep54-cha.infd.edu.ar\/sitio\/wp-json\/wp\/v2\/users\/12"}],"replies":[{"embeddable":true,"href":"https:\/\/uep54-cha.infd.edu.ar\/sitio\/wp-json\/wp\/v2\/comments?post=805"}],"version-history":[{"count":10,"href":"https:\/\/uep54-cha.infd.edu.ar\/sitio\/wp-json\/wp\/v2\/pages\/805\/revisions"}],"predecessor-version":[{"id":1225,"href":"https:\/\/uep54-cha.infd.edu.ar\/sitio\/wp-json\/wp\/v2\/pages\/805\/revisions\/1225"}],"wp:attachment":[{"href":"https:\/\/uep54-cha.infd.edu.ar\/sitio\/wp-json\/wp\/v2\/media?parent=805"}],"curies":[{"name":"wp","href":"https:\/\/api.w.org\/{rel}","templated":true}]}}